{"id":232,"date":"2021-02-17T23:42:29","date_gmt":"2021-02-17T23:42:29","guid":{"rendered":"http:\/\/formaciondocente.ujed.mx\/bibvirtual\/?page_id=232"},"modified":"2021-02-18T18:37:08","modified_gmt":"2021-02-18T18:37:08","slug":"recursos-electronicos","status":"publish","type":"page","link":"http:\/\/formaciondocente.ujed.mx\/bibvirtual\/recursos-electronicos\/","title":{"rendered":"Recursos electr\u00f3nicos"},"content":{"rendered":"\n<h3>STATISTA (DEMO)<\/h3>\n\n\n\n<p>Statista es uno de los portales de estad\u00edsticas l\u00edderes en el mundo, es una innovadora herramienta de b\u00fasqueda de datos cuantitativos. El portal cuenta con m\u00e1s de cuatro millones de usuarios mensuales en su versi\u00f3n en Ingl\u00e9s, Espa\u00f1ol, Alem\u00e1n y Franc\u00e9s.<\/p>\n\n\n\n<p>Contiene m\u00e1s de un mill\u00f3n de estad\u00edsticas, clasificadas en 80.000 temas y procedentes de 18.000 fuentes:<\/p>\n\n\n\n<div class=\"wp-block-image is-style-rounded\"><figure class=\"aligncenter size-form-edit-image-preview is-resized\"><a href=\"https:\/\/www.statista.com\/\" target=\"_blank\" rel=\"noopener noreferrer\"><img loading=\"lazy\" src=\"http:\/\/formaciondocente.ujed.mx\/bibvirtual\/wp-content\/uploads\/2021\/02\/statista-221x116.png\" alt=\"\" class=\"wp-image-233\" width=\"176\" height=\"92\" srcset=\"http:\/\/formaciondocente.ujed.mx\/bibvirtual\/wp-content\/uploads\/2021\/02\/statista-221x116.png 221w, http:\/\/formaciondocente.ujed.mx\/bibvirtual\/wp-content\/uploads\/2021\/02\/statista-300x158.png 300w, http:\/\/formaciondocente.ujed.mx\/bibvirtual\/wp-content\/uploads\/2021\/02\/statista-1024x538.png 1024w, http:\/\/formaciondocente.ujed.mx\/bibvirtual\/wp-content\/uploads\/2021\/02\/statista-768x403.png 768w, http:\/\/formaciondocente.ujed.mx\/bibvirtual\/wp-content\/uploads\/2021\/02\/statista.png 1200w\" sizes=\"(max-width: 176px) 100vw, 176px\" \/><\/a><\/figure><\/div>\n\n\n\n<h3>Consorcio Nacional de Recursos de Informaci\u00f3n Cient\u00edfica y Tecnol\u00f3gica (CONRICYT)<\/h3>\n\n\n\n<p>Metabuscador integrado con todos los recursos:<\/p>\n\n\n\n<div class=\"wp-block-image is-style-default\"><figure class=\"aligncenter size-form-edit-image-preview is-resized\"><a href=\"https:\/\/www.conricyt.mx\/acervo-editorial\/recursos-por-institucion?id_inst=106#\" target=\"_blank\" rel=\"noopener noreferrer\"><img loading=\"lazy\" src=\"http:\/\/formaciondocente.ujed.mx\/bibvirtual\/wp-content\/uploads\/2021\/02\/conricyt-174x116.png\" alt=\"\" class=\"wp-image-241\" width=\"180\" height=\"120\" srcset=\"http:\/\/formaciondocente.ujed.mx\/bibvirtual\/wp-content\/uploads\/2021\/02\/conricyt-174x116.png 174w, http:\/\/formaciondocente.ujed.mx\/bibvirtual\/wp-content\/uploads\/2021\/02\/conricyt-300x200.png 300w, http:\/\/formaciondocente.ujed.mx\/bibvirtual\/wp-content\/uploads\/2021\/02\/conricyt.png 451w\" sizes=\"(max-width: 180px) 100vw, 180px\" \/><\/a><\/figure><\/div>\n\n\n\n<p align=\"left\">Solicita tu clave de acceso remoto a los recursos<\/p>\n<p align=\"left\">Requisitos:<\/p>\n<ul>\n<li>\n<div align=\"left\">Matr\u00edcula<\/div>\n<\/li>\n<li>\n<div align=\"left\">Correo institucional (@ujed.mx)<\/div>\n<\/li>\n<\/ul>\n\n\n\n<div class=\"wp-block-buttons\">\n<div class=\"wp-block-button is-style-outline\"><a class=\"wp-block-button__link\" href=\"http:\/\/acceso.conricyt.mx\/registro\" target=\"_blank\" rel=\"noreferrer noopener\">Da clic para obtener el acceso<\/a><\/div>\n<\/div>\n\n\n\n<h3>Bioone Complete<\/h3>\n\n\n\n<p>BioOne&nbsp;es una base de datos de texto completo conformada poruna colecci\u00f3n 183 revistas con alto impacto en el \u00e1rea de biociencias pertenecientes a m\u00e1s de 158 editores. Estos t\u00edtulos son producidos por sociedades acad\u00e9micas y editores no comerciales y la mayor\u00eda estaban previamente disponibles solamente en forma impresa. BioOne fue desarrollada por el American Institute of Biological Sciences (AIBS), por SPARC (Scholarly Publishing and Academic Resources Coalition), la University of Kansas, la Greater Western Library Alliance y Allen Press. El objetivo de la organizaci\u00f3n no es lucrativo para la diseminaci\u00f3n de informaci\u00f3n de las \u00e1reas biol\u00f3gicas, ecol\u00f3gicas y de ciencias del medio ambiente que aseguren la recuperaci\u00f3n de la inversi\u00f3n y logren ser sustentables. Los temas cubiertos son: aracnolog\u00eda, escarabajos, crust\u00e1ceos, ecolog\u00eda, bot\u00e1nica econ\u00f3mica, Entomolog\u00eda, ciencia del medio ambiente, biolog\u00eda evolutiva, helechos, pesca, gen\u00e9tica; l\u00edquenes, mam\u00edferos, microbiolog\u00eda, musgos y hep\u00e1ticas, historia natural, ornitolog\u00eda, paleontolog\u00eda, parasitolog\u00eda, fotobiolog\u00eda, reproducci\u00f3n, reptiles, ciencia veterinaria y zoolog\u00eda. En cuanto a la cobertura, algunas revistas son anteriores a 1998, aunque la mayor\u00eda a partir de 2000. La actualizaci\u00f3n es mensual, cubre a m\u00e1s de 73,930 registros hasta febrero de 2010.<\/p>\n\n\n\n<div class=\"wp-block-image\"><figure class=\"aligncenter size-form-edit-image-preview is-resized\"><a href=\"https:\/\/bioone.org\/\" target=\"_blank\" rel=\"noopener noreferrer\"><img loading=\"lazy\" src=\"http:\/\/formaciondocente.ujed.mx\/bibvirtual\/wp-content\/uploads\/2021\/02\/BioOne-205x116.jpg\" alt=\"\" class=\"wp-image-247\" width=\"252\" height=\"142\" srcset=\"http:\/\/formaciondocente.ujed.mx\/bibvirtual\/wp-content\/uploads\/2021\/02\/BioOne-205x116.jpg 205w, http:\/\/formaciondocente.ujed.mx\/bibvirtual\/wp-content\/uploads\/2021\/02\/BioOne-300x169.jpg 300w, http:\/\/formaciondocente.ujed.mx\/bibvirtual\/wp-content\/uploads\/2021\/02\/BioOne-768x434.jpg 768w, http:\/\/formaciondocente.ujed.mx\/bibvirtual\/wp-content\/uploads\/2021\/02\/BioOne.jpg 850w\" sizes=\"(max-width: 252px) 100vw, 252px\" \/><\/a><\/figure><\/div>\n\n\n\n<h3>EBSCO<\/h3>\n\n\n\n<p>EBSCO posee un poderoso sistema de bases de datos multidisciplinario,<span class=\"superscript\">1<\/span> que provee los textos completos, las referencias y res\u00famenes de miles de publicaciones cient\u00edficas y acad\u00e9micas en diferentes \u00e1reas de las ciencias y humanidades. Su p\u00e1gina de b\u00fasqueda, atractiva y personalizable, ofrece herramientas \u00fanicas para la recuperaci\u00f3n de la informaci\u00f3n. Por medio de los<em> Smartlinks<\/em> de EBSCO, los resultados de una b\u00fasqueda se enlazan con los textos completos de los art\u00edculos en otras bases de datos, en revistas electr\u00f3nicas suscritas a EBSCO y las casas editoras miembros de <em>CrossRef<\/em><\/p>\n\n\n\n<div class=\"wp-block-image\"><figure class=\"aligncenter size-form-edit-image-preview is-resized\"><a href=\"https:\/\/search.ebscohost.com\/Community.aspx?authtype=ip&amp;stsug=Akl0hsRgHay69V2EUDXZu0J8MkX1XHR556hSORYNFt-IUBT91kNv6lodTDN5omzKTzBgtmQTyuPGaIDrE9HZz_lWF4byAqHQTqbycYQ4wPyqD8rOAVhVn9e9TzwVCEDZ7M9f2N55iIwwC75Pmhjyrz3D4-nQd6dVC1vdBGy-4SkPNFY&amp;IsAdminMobile=N&amp;encid=22D731263C4635473726357632953C57374370C377C377C378C374C372C376C33013\" target=\"_blank\" rel=\"noopener noreferrer\"><img loading=\"lazy\" src=\"http:\/\/formaciondocente.ujed.mx\/bibvirtual\/wp-content\/uploads\/2021\/02\/ebsco-116x116.png\" alt=\"\" class=\"wp-image-253\" width=\"189\" height=\"189\" srcset=\"http:\/\/formaciondocente.ujed.mx\/bibvirtual\/wp-content\/uploads\/2021\/02\/ebsco-116x116.png 116w, http:\/\/formaciondocente.ujed.mx\/bibvirtual\/wp-content\/uploads\/2021\/02\/ebsco-150x150.png 150w, http:\/\/formaciondocente.ujed.mx\/bibvirtual\/wp-content\/uploads\/2021\/02\/ebsco-60x60.png 60w, http:\/\/formaciondocente.ujed.mx\/bibvirtual\/wp-content\/uploads\/2021\/02\/ebsco.png 225w\" sizes=\"(max-width: 189px) 100vw, 189px\" \/><\/a><\/figure><\/div>\n\n\n\n<h3>ScienceDirect<\/h3>\n\n\n\n<p>ScienceDirect combina publicaciones cient\u00edficas, t\u00e9cnicas y de salud acreditadas y completas con una funcionalidad inteligente e intuitiva para que los usuarios puedan mantenerse m\u00e1s informados sobre sus campos y puedan trabajar de una manera m\u00e1s efectiva y eficiente.<\/p>\n\n\n\n<div class=\"wp-block-image\"><figure class=\"aligncenter size-form-edit-image-preview is-resized\"><a href=\"https:\/\/www.elsevier.com\/es-mx\/solutions\/sciencedirect\" target=\"_blank\" rel=\"noopener noreferrer\"><img loading=\"lazy\" src=\"http:\/\/formaciondocente.ujed.mx\/bibvirtual\/wp-content\/uploads\/2021\/02\/sciencedirect-228x60.png\" alt=\"\" class=\"wp-image-257\" width=\"270\" height=\"71\" srcset=\"http:\/\/formaciondocente.ujed.mx\/bibvirtual\/wp-content\/uploads\/2021\/02\/sciencedirect-228x60.png 228w, http:\/\/formaciondocente.ujed.mx\/bibvirtual\/wp-content\/uploads\/2021\/02\/sciencedirect-300x79.png 300w, http:\/\/formaciondocente.ujed.mx\/bibvirtual\/wp-content\/uploads\/2021\/02\/sciencedirect-768x202.png 768w, http:\/\/formaciondocente.ujed.mx\/bibvirtual\/wp-content\/uploads\/2021\/02\/sciencedirect.png 950w\" sizes=\"(max-width: 270px) 100vw, 270px\" \/><\/a><\/figure><\/div>\n\n\n\n<h3>Scopus<\/h3>\n\n\n\n\n\n<p><strong>Scopus<\/strong> es una base de datos bibliogr\u00e1fica de res\u00famenes y citas de art\u00edculos de revistas cient\u00edficas. Cubre aproximadamente 24.500 t\u00edtulos de publicaciones seriadas (revistas, conferencias, series de libros de investigaci\u00f3n) de m\u00e1s de 5000 editores en 140 pa\u00edses, incluyendo revistas revisadas por pares de las \u00e1reas de ciencias, tecnolog\u00eda, medicina y ciencias sociales, incluyendo artes y humanidades. La plataforma tecnol\u00f3gica es desarrollada por Elsevier y es accesible en la Web para los subscriptores, pero el ingreso al \u00edndice y su re evaluaci\u00f3n es gestionado por un comit\u00e9 editorial independiente de Elsevier.<\/p>\n\n\n\n<div class=\"wp-block-image\"><figure class=\"aligncenter size-form-edit-image-preview is-resized\"><a href=\"https:\/\/www.scopus.com\/\" target=\"_blank\" rel=\"noopener noreferrer\"><img loading=\"lazy\" src=\"http:\/\/formaciondocente.ujed.mx\/bibvirtual\/wp-content\/uploads\/2021\/02\/scopus-228x96.png\" alt=\"\" class=\"wp-image-261\" width=\"295\" height=\"124\" srcset=\"http:\/\/formaciondocente.ujed.mx\/bibvirtual\/wp-content\/uploads\/2021\/02\/scopus-228x96.png 228w, http:\/\/formaciondocente.ujed.mx\/bibvirtual\/wp-content\/uploads\/2021\/02\/scopus-300x126.png 300w, http:\/\/formaciondocente.ujed.mx\/bibvirtual\/wp-content\/uploads\/2021\/02\/scopus.png 318w\" sizes=\"(max-width: 295px) 100vw, 295px\" \/><\/a><\/figure><\/div>\n\n\n\n<h3>Springer<\/h3>\n\n\n\n\n\n<p><strong>Springer<\/strong> es una editorial global que publica libros, libros electr\u00f3nicos y publicaciones cient\u00edficas de revisi\u00f3n por pares relacionados con ciencia, tecnolog\u00eda y medicina (STM: <em>science, technical &amp; medical<\/em>). Springer tambi\u00e9n hospeda varias bases de datos cient\u00edficas, incluyendo <em><strong>SpringerLink<\/strong><\/em>, <em><strong>SpringerProtocols<\/strong><\/em> y <em><strong>SpringerImages<\/strong><\/em>. Las publicaciones de libros incluyen mayoritariamente trabajos de investigaci\u00f3n, libros de texto, monograf\u00edas y series de libros. M\u00e1s de 35 mil t\u00edtulos est\u00e1n disponibles como libros electr\u00f3nicos, organizados en 13 colecciones tem\u00e1ticas.<\/p>\n\n\n\n<div class=\"wp-block-image\"><figure class=\"aligncenter size-form-edit-image-preview is-resized\"><a href=\"https:\/\/link.springer.com\/\" target=\"_blank\" rel=\"noopener noreferrer\"><img loading=\"lazy\" src=\"http:\/\/formaciondocente.ujed.mx\/bibvirtual\/wp-content\/uploads\/2021\/02\/springer-228x84.jpg\" alt=\"\" class=\"wp-image-264\" width=\"262\" height=\"96\" srcset=\"http:\/\/formaciondocente.ujed.mx\/bibvirtual\/wp-content\/uploads\/2021\/02\/springer-228x84.jpg 228w, http:\/\/formaciondocente.ujed.mx\/bibvirtual\/wp-content\/uploads\/2021\/02\/springer-300x110.jpg 300w, http:\/\/formaciondocente.ujed.mx\/bibvirtual\/wp-content\/uploads\/2021\/02\/springer.jpg 370w\" sizes=\"(max-width: 262px) 100vw, 262px\" \/><\/a><\/figure><\/div>\n\n\n\n<h3>SPRINGER e-Books<\/h3>\n\n\n\n<p>Springer es un editor l\u00edder global en la producci\u00f3n cient\u00edfica, t\u00e9cnica y m\u00e9dica, contin\u00faa desarrollando productos y servicios innovadores que satisfagan las demandas de las comunidades acad\u00e9micas y profesionales de hoy en d\u00eda. Springer cuenta con la colecci\u00f3n de libros electr\u00f3nicos de STM m\u00e1s grande del mundo, la Universidad Ju\u00e1rez del Estado de Durango cuenta con m\u00e1s de 4,600 t\u00edtulos de todas las \u00e1reas tem\u00e1ticas en texto completo y sin restricciones de uso.<\/p>\n\n\n\n<div class=\"wp-block-image\"><figure class=\"aligncenter size-form-edit-image-preview is-resized\"><a href=\"https:\/\/link.springer.com\/search?facet-content-type=%22Book%22&amp;showAll=false\" target=\"_blank\" rel=\"noopener noreferrer\"><img loading=\"lazy\" src=\"http:\/\/formaciondocente.ujed.mx\/bibvirtual\/wp-content\/uploads\/2021\/02\/springer-ebooks-206x116.jpg\" alt=\"\" class=\"wp-image-267\" width=\"223\" height=\"126\" srcset=\"http:\/\/formaciondocente.ujed.mx\/bibvirtual\/wp-content\/uploads\/2021\/02\/springer-ebooks-206x116.jpg 206w, http:\/\/formaciondocente.ujed.mx\/bibvirtual\/wp-content\/uploads\/2021\/02\/springer-ebooks.jpg 299w\" sizes=\"(max-width: 223px) 100vw, 223px\" \/><\/a><\/figure><\/div>\n","protected":false},"excerpt":{"rendered":"<p>STATISTA (DEMO) Statista es uno de los portales de estad\u00edsticas l\u00edderes en el mundo, es una innovadora herramienta de b\u00fasqueda de datos cuantitativos. El portal cuenta con m\u00e1s de cuatro millones de usuarios mensuales en su versi\u00f3n en Ingl\u00e9s, Espa\u00f1ol, Alem\u00e1n y Franc\u00e9s. Contiene m\u00e1s de un mill\u00f3n de estad\u00edsticas, clasificadas en 80.000 temas y [&hellip;]<\/p>\n","protected":false},"author":1,"featured_media":0,"parent":0,"menu_order":0,"comment_status":"closed","ping_status":"closed","template":"","meta":[],"_links":{"self":[{"href":"http:\/\/formaciondocente.ujed.mx\/bibvirtual\/wp-json\/wp\/v2\/pages\/232"}],"collection":[{"href":"http:\/\/formaciondocente.ujed.mx\/bibvirtual\/wp-json\/wp\/v2\/pages"}],"about":[{"href":"http:\/\/formaciondocente.ujed.mx\/bibvirtual\/wp-json\/wp\/v2\/types\/page"}],"author":[{"embeddable":true,"href":"http:\/\/formaciondocente.ujed.mx\/bibvirtual\/wp-json\/wp\/v2\/users\/1"}],"replies":[{"embeddable":true,"href":"http:\/\/formaciondocente.ujed.mx\/bibvirtual\/wp-json\/wp\/v2\/comments?post=232"}],"version-history":[{"count":28,"href":"http:\/\/formaciondocente.ujed.mx\/bibvirtual\/wp-json\/wp\/v2\/pages\/232\/revisions"}],"predecessor-version":[{"id":275,"href":"http:\/\/formaciondocente.ujed.mx\/bibvirtual\/wp-json\/wp\/v2\/pages\/232\/revisions\/275"}],"wp:attachment":[{"href":"http:\/\/formaciondocente.ujed.mx\/bibvirtual\/wp-json\/wp\/v2\/media?parent=232"}],"curies":[{"name":"wp","href":"https:\/\/api.w.org\/{rel}","templated":true}]}}