{"id":222,"date":"2020-10-27T18:35:10","date_gmt":"2020-10-27T18:35:10","guid":{"rendered":"http:\/\/formaciondocente.ujed.mx\/bibvirtual\/?page_id=222"},"modified":"2021-09-10T16:07:33","modified_gmt":"2021-09-10T16:07:33","slug":"catalogo-institucional","status":"publish","type":"page","link":"http:\/\/formaciondocente.ujed.mx\/bibvirtual\/catalogo-institucional\/","title":{"rendered":"Cat\u00e1logo Institucional"},"content":{"rendered":"\n<p class=\"has-text-align-left\">Nuestro Cat\u00e1logo Institucional es la herramienta sustancial de la Biblioteca Central, d\u00eda a d\u00eda se sigue alimentando por el equipo de personal acad\u00e9mico y administrativo que se encarga de mantenerlo actualizado y disponible. Actualmente se cuenta con 81, 222 t\u00edtulos y&nbsp;<strong>199, 649 <\/strong>vol\u00famenes, y se est\u00e1n capturando adem\u00e1s las publicaciones peri\u00f3dicas, tesis, material multimedia, etc.<\/p>\n\n\n\n<p>C\u00f3modamente desde tu casa puedes verificar en que biblioteca de la UJED se encuentra f\u00edsicamente el t\u00edtulo que buscar y si est\u00e1 disponible para pr\u00e9stamo. Incluso puedes apartar libros desde tu hogar o desde cualquier lugar donde tengas acceso a internet.<\/p>\n\n\n\n<p>Adem\u00e1s ahora cuentas con ayuda visual para localizar f\u00e1cilmente el material que necesitas, puesto que nuestro acervo cuenta con objetos digitales como son las portadas e \u00edndice de contenido de los libros, lo que hace m\u00e1s sencilla su ubicaci\u00f3n en la estanter\u00eda.<\/p>\n\n\n\n<div class=\"wp-block-buttons\">\n<div class=\"wp-block-button is-style-outline\"><a class=\"wp-block-button__link\" href=\"http:\/\/acervo.ujed.mx\/opac\" target=\"_blank\" rel=\"noreferrer noopener\">Ir a cat\u00e1logo institucional <\/a><\/div>\n<\/div>\n","protected":false},"excerpt":{"rendered":"<p>Nuestro Cat\u00e1logo Institucional es la herramienta sustancial de la Biblioteca Central, d\u00eda a d\u00eda se sigue alimentando por el equipo de personal acad\u00e9mico y administrativo que se encarga de mantenerlo actualizado y disponible. Actualmente se cuenta con 81, 222 t\u00edtulos y&nbsp;199, 649 vol\u00famenes, y se est\u00e1n capturando adem\u00e1s las publicaciones peri\u00f3dicas, tesis, material multimedia, etc. [&hellip;]<\/p>\n","protected":false},"author":1,"featured_media":0,"parent":0,"menu_order":0,"comment_status":"closed","ping_status":"closed","template":"","meta":[],"_links":{"self":[{"href":"http:\/\/formaciondocente.ujed.mx\/bibvirtual\/wp-json\/wp\/v2\/pages\/222"}],"collection":[{"href":"http:\/\/formaciondocente.ujed.mx\/bibvirtual\/wp-json\/wp\/v2\/pages"}],"about":[{"href":"http:\/\/formaciondocente.ujed.mx\/bibvirtual\/wp-json\/wp\/v2\/types\/page"}],"author":[{"embeddable":true,"href":"http:\/\/formaciondocente.ujed.mx\/bibvirtual\/wp-json\/wp\/v2\/users\/1"}],"replies":[{"embeddable":true,"href":"http:\/\/formaciondocente.ujed.mx\/bibvirtual\/wp-json\/wp\/v2\/comments?post=222"}],"version-history":[{"count":4,"href":"http:\/\/formaciondocente.ujed.mx\/bibvirtual\/wp-json\/wp\/v2\/pages\/222\/revisions"}],"predecessor-version":[{"id":228,"href":"http:\/\/formaciondocente.ujed.mx\/bibvirtual\/wp-json\/wp\/v2\/pages\/222\/revisions\/228"}],"wp:attachment":[{"href":"http:\/\/formaciondocente.ujed.mx\/bibvirtual\/wp-json\/wp\/v2\/media?parent=222"}],"curies":[{"name":"wp","href":"https:\/\/api.w.org\/{rel}","templated":true}]}}