{"id":2,"date":"2020-09-28T17:18:41","date_gmt":"2020-09-28T17:18:41","guid":{"rendered":"http:\/\/localhost\/bibvirtual\/?page_id=2"},"modified":"2020-10-27T18:08:48","modified_gmt":"2020-10-27T18:08:48","slug":"pagina-inicio","status":"publish","type":"page","link":"http:\/\/formaciondocente.ujed.mx\/bibvirtual\/","title":{"rendered":"Biblioteca Virtual Universitaria"},"content":{"rendered":"\n<p>La Biblioteca Virtual Universitaria nace de la necesidad de atender a la comunidad universitaria las 24 horas, los 365 d\u00edas del a\u00f1o, satisfaciendo as\u00ed sus necesidades de b\u00fasqueda de informaci\u00f3n ya que cada individuo tiene caracter\u00edsticas y necesidades espec\u00edficas.<\/p>\n\n\n\n<p>La Universidad Ju\u00e1rez del Estado de Durango en coordinaci\u00f3n con la Biblioteca Central pretenden que la Biblioteca Virtual sea un soporte para que la disponibilidad y accesibilidad de art\u00edculos acad\u00e9micos y cient\u00edficos de los m\u00e1s prestigiados proveedores y editores se conviertan en una parte fundamental de los documentos de texto completo que ofrece a sus usuarios&nbsp;.<br>En este espacio el usuario encontrar\u00e1 una gran variedad de informaci\u00f3n digital en diferentes formatos, libros, revistas, boletines, publicaciones especiales, tesis, etc., para que de esta manera pueda sustentar sus investigaciones a trav\u00e9s de fuentes seguras y actualizadas de informaci\u00f3n.<\/p>\n","protected":false},"excerpt":{"rendered":"<p>La Biblioteca Virtual Universitaria nace de la necesidad de atender a la comunidad universitaria las 24 horas, los 365 d\u00edas del a\u00f1o, satisfaciendo as\u00ed sus necesidades de b\u00fasqueda de informaci\u00f3n ya que cada individuo tiene caracter\u00edsticas y necesidades espec\u00edficas. La Universidad Ju\u00e1rez del Estado de Durango en coordinaci\u00f3n con la Biblioteca Central pretenden que la [&hellip;]<\/p>\n","protected":false},"author":1,"featured_media":0,"parent":0,"menu_order":0,"comment_status":"closed","ping_status":"closed","template":"","meta":[],"_links":{"self":[{"href":"http:\/\/formaciondocente.ujed.mx\/bibvirtual\/wp-json\/wp\/v2\/pages\/2"}],"collection":[{"href":"http:\/\/formaciondocente.ujed.mx\/bibvirtual\/wp-json\/wp\/v2\/pages"}],"about":[{"href":"http:\/\/formaciondocente.ujed.mx\/bibvirtual\/wp-json\/wp\/v2\/types\/page"}],"author":[{"embeddable":true,"href":"http:\/\/formaciondocente.ujed.mx\/bibvirtual\/wp-json\/wp\/v2\/users\/1"}],"replies":[{"embeddable":true,"href":"http:\/\/formaciondocente.ujed.mx\/bibvirtual\/wp-json\/wp\/v2\/comments?post=2"}],"version-history":[{"count":6,"href":"http:\/\/formaciondocente.ujed.mx\/bibvirtual\/wp-json\/wp\/v2\/pages\/2\/revisions"}],"predecessor-version":[{"id":221,"href":"http:\/\/formaciondocente.ujed.mx\/bibvirtual\/wp-json\/wp\/v2\/pages\/2\/revisions\/221"}],"wp:attachment":[{"href":"http:\/\/formaciondocente.ujed.mx\/bibvirtual\/wp-json\/wp\/v2\/media?parent=2"}],"curies":[{"name":"wp","href":"https:\/\/api.w.org\/{rel}","templated":true}]}}